{"id":1650,"date":"2021-11-13T12:24:38","date_gmt":"2021-11-13T09:24:38","guid":{"rendered":"http:\/\/ardkimya.com\/?page_id=1650"},"modified":"2021-11-13T12:24:46","modified_gmt":"2021-11-13T09:24:46","slug":"blending-machine-oil","status":"publish","type":"page","link":"http:\/\/ardkimya.com\/index.php\/products\/blending-machine-oil\/?lang=en","title":{"rendered":"Blending Machine Oil"},"content":{"rendered":"\n<style type=\"text\/css\" data-created_by=\"avia_inline_auto\" id=\"style-css-av-av_one_full-6126cab7d8fab8d08143dd2dacdf673c\">\n.flex_column.av-av_one_full-6126cab7d8fab8d08143dd2dacdf673c{\nborder-radius:0px 0px 0px 0px;\npadding:0px 0px 0px 0px;\n}\n<\/style>\n<div  class='flex_column av-av_one_full-6126cab7d8fab8d08143dd2dacdf673c av_one_full  avia-builder-el-0  el_before_av_textblock  avia-builder-el-first  first flex_column_div av-zero-column-padding  '     ><p><div  class='avia-slideshow av-av_slideshow-629cb73e05dbb073af18f8d8a5448f63 avia-slideshow-entry_with_sidebar av_slideshow avia-slide-slider  avia-builder-el-1  el_before_av_heading  avia-builder-el-first  av-slideshow-ui av-control-default av-slideshow-manual av-loop-once av-loop-manual-endless av-default-height-applied avia-slideshow-1' data-slideshow-options=\"{&quot;animation&quot;:&quot;slide&quot;,&quot;autoplay&quot;:false,&quot;loop_autoplay&quot;:&quot;once&quot;,&quot;interval&quot;:5,&quot;loop_manual&quot;:&quot;manual-endless&quot;,&quot;autoplay_stopper&quot;:false,&quot;noNavigation&quot;:false,&quot;bg_slider&quot;:false,&quot;keep_padding&quot;:false,&quot;hoverpause&quot;:false,&quot;show_slide_delay&quot;:0}\"  itemprop=\"image\" itemscope=\"itemscope\" itemtype=\"https:\/\/schema.org\/ImageObject\" ><ul class='avia-slideshow-inner ' style='padding-bottom: 35.502958579882%;'><li  class='avia-slideshow-slide av-av_slideshow-629cb73e05dbb073af18f8d8a5448f63__0  slide-1 slide-odd'><div data-rel='slideshow-1' class='avia-slide-wrap '   ><img fetchpriority=\"high\" class=\"wp-image-1190 avia-img-lazy-loading-not-1190\"  src='http:\/\/ardkimya.com\/wp-content\/uploads\/2018\/01\/ardoil-slide-01-845x300.jpg' width='845' height='300' title='ardoil-slide-01' alt=''  itemprop=\"thumbnailUrl\"   \/><\/div><\/li><li  class='avia-slideshow-slide av-av_slideshow-629cb73e05dbb073af18f8d8a5448f63__1  slide-2 slide-even'><div data-rel='slideshow-1' class='avia-slide-wrap '  title='Triphenyl Phosphorothionate' ><img fetchpriority=\"high\" class=\"wp-image-1313 avia-img-lazy-loading-not-1313\"  src='http:\/\/ardkimya.com\/wp-content\/uploads\/2021\/09\/ebc791ac-b70a-4a86-9871-6ebbf53d5132-845x321.jpg' width='845' height='321' title='S\u0131v\u0131 tuz' alt='Triphenyl Phosphorothionate'  itemprop=\"thumbnailUrl\"   \/><\/div><\/li><li  class='avia-slideshow-slide av-av_slideshow-629cb73e05dbb073af18f8d8a5448f63__2  slide-3 slide-odd'><div data-rel='slideshow-1' class='avia-slide-wrap '   ><img fetchpriority=\"high\" class=\"wp-image-1304 avia-img-lazy-loading-not-1304\"  src='http:\/\/ardkimya.com\/wp-content\/uploads\/2021\/09\/ardoil-varil2-768x321.png' width='768' height='321' title='ardoil-varil2' alt=''  itemprop=\"thumbnailUrl\"   \/><\/div><\/li><li  class='avia-slideshow-slide av-av_slideshow-629cb73e05dbb073af18f8d8a5448f63__3  slide-4 slide-even'><div data-rel='slideshow-1' class='avia-slide-wrap '  title='Triphenyl Phosphorothionate' ><img fetchpriority=\"high\" class=\"wp-image-1318 avia-img-lazy-loading-not-1318\"  src='http:\/\/ardkimya.com\/wp-content\/uploads\/2021\/09\/af688a91-2ae9-4765-8a80-3bcded3df3f6-845x321.jpg' width='845' height='321' title='\u00d6rg\u00fc ya\u011f\u0131' alt='Triphenyl Phosphorothionate'  itemprop=\"thumbnailUrl\"   \/><\/div><\/li><li  class='avia-slideshow-slide av-av_slideshow-629cb73e05dbb073af18f8d8a5448f63__4  slide-5 slide-odd'><div data-rel='slideshow-1' class='avia-slide-wrap '   ><img fetchpriority=\"high\" class=\"wp-image-1256 avia-img-lazy-loading-not-1256\"  src='http:\/\/ardkimya.com\/wp-content\/uploads\/2021\/09\/hakk\u0131m\u0131zda-845x321.jpg' width='845' height='321' title='hakk\u0131m\u0131zda' alt=''  itemprop=\"thumbnailUrl\"   \/><\/div><\/li><\/ul><div class='avia-slideshow-arrows avia-slideshow-controls' ><a href='#prev' class='prev-slide ' aria-hidden='true' data-av_icon='\ue87c' data-av_iconfont='entypo-fontello'  tabindex='-1'>\u00d6nceki<\/a><a href='#next' class='next-slide ' aria-hidden='true' data-av_icon='\ue87d' data-av_iconfont='entypo-fontello'  tabindex='-1'>Sonraki<\/a><\/div><div class='avia-slideshow-dots avia-slideshow-controls'><a href='#1' class='goto-slide active' >1<\/a><a href='#2' class='goto-slide ' >2<\/a><a href='#3' class='goto-slide ' >3<\/a><a href='#4' class='goto-slide ' >4<\/a><a href='#5' class='goto-slide ' >5<\/a><\/div><\/div><br \/>\n\n<style type=\"text\/css\" data-created_by=\"avia_inline_auto\" id=\"style-css-av-av_heading-41a785fe9346b94612c3296f6b789880\">\n#top .av-special-heading.av-av_heading-41a785fe9346b94612c3296f6b789880{\npadding-bottom:2px;\nfont-size:40px;\n}\nbody .av-special-heading.av-av_heading-41a785fe9346b94612c3296f6b789880 .av-special-heading-tag .heading-char{\nfont-size:25px;\n}\n#top #wrap_all .av-special-heading.av-av_heading-41a785fe9346b94612c3296f6b789880 .av-special-heading-tag{\nfont-size:40px;\n}\n.av-special-heading.av-av_heading-41a785fe9346b94612c3296f6b789880 .av-subheading{\nfont-size:15px;\n}\n\n@media only screen and (min-width: 480px) and (max-width: 767px){ \n#top #wrap_all .av-special-heading.av-av_heading-41a785fe9346b94612c3296f6b789880 .av-special-heading-tag{\nfont-size:0.8em;\n}\n}\n\n@media only screen and (max-width: 479px){ \n#top #wrap_all .av-special-heading.av-av_heading-41a785fe9346b94612c3296f6b789880 .av-special-heading-tag{\nfont-size:0.8em;\n}\n}\n<\/style>\n<div  class='av-special-heading av-av_heading-41a785fe9346b94612c3296f6b789880 av-special-heading-h2 blockquote modern-quote  avia-builder-el-2  el_after_av_slideshow  avia-builder-el-last  av-inherit-size'><h2 class='av-special-heading-tag '  itemprop=\"headline\"  >Blending Machine Oil<\/h2><div class=\"special-heading-border\"><div class=\"special-heading-inner-border\"><\/div><\/div><\/div><\/p><\/div><section  class='av_textblock_section av-av_textblock-396ddf1f42196ca838231e61a4602801 '   itemscope=\"itemscope\" itemtype=\"https:\/\/schema.org\/CreativeWork\" ><div class='avia_textblock'  itemprop=\"text\" ><p>It is made of paraffinic based mineral base oils, emulsifiers, antistatics and special additives. Blending Oil minimizes fiber-metal, fiber-fiber friction and prevents wear and breakage. It provides resistance and dimension to the yarn by providing high fiber cohesion. It prevents static electricity on the fiber. Thanks to its high wetting feature, it reduces the surface tension of the fiber and allows the oil to penetrate.<\/p>\n<p>Properties<\/p>\n<p>Since it contains anti-corrosive, antioxidant and antimicrobial additives, it does not cause corrosion and bacterial growth in the environment.<\/p>\n<p>Usage<\/p>\n<p>WOOL \u2013 10%-15% emulsion is prepared and applied as 3-3.5% of the fiber weight.<\/p>\n<p>SYNTHETIC \u2013 10-15% aqueous emulsion is prepared. It is applied as 1.5 \u2013 2.0% of the fiber weight.<\/p>\n<p>COTTON \u2013 10-15% aqueous emulsion is prepared, 1-1.5% of the fiber weight<\/p>\n<p>is applied.<\/p>\n<p>Typical Features<\/p>\n<p>Ionic Structure Nonionic<\/p>\n<p>6.5-7.5 in Ph 10% Emulsion<\/p>\n<p>Color Light yellow clear liquid<\/p>\n<p>Density 0,800 g\/ml<\/p>\n<p>Flammability 220 \u00baC (CoC)<\/p>\n<p>Warnings and Advice<\/p>\n<p>waste oil; Do not pour into soil, water, sewer or garbage. Nearest waste oil in a clean, sound and tightly closed container.<\/p>\n<p>Deliver it to the collection centre. Keep away from children, avoid continuous and prolonged contact. If swallowed, do not induce vomiting, seek medical attention. Do not expose to sun rays. Store indoors, in humid and humid environments.<\/p>\n<p>Do not keep.<\/p>\n<\/div><\/section><\/p>\n","protected":false},"excerpt":{"rendered":"","protected":false},"author":1,"featured_media":0,"parent":1392,"menu_order":3,"comment_status":"closed","ping_status":"closed","template":"","meta":{"om_disable_all_campaigns":false,"_mi_skip_tracking":false,"footnotes":""},"class_list":["post-1650","page","type-page","status-publish","hentry"],"aioseo_notices":[],"_links":{"self":[{"href":"http:\/\/ardkimya.com\/index.php\/wp-json\/wp\/v2\/pages\/1650","targetHints":{"allow":["GET"]}}],"collection":[{"href":"http:\/\/ardkimya.com\/index.php\/wp-json\/wp\/v2\/pages"}],"about":[{"href":"http:\/\/ardkimya.com\/index.php\/wp-json\/wp\/v2\/types\/page"}],"author":[{"embeddable":true,"href":"http:\/\/ardkimya.com\/index.php\/wp-json\/wp\/v2\/users\/1"}],"replies":[{"embeddable":true,"href":"http:\/\/ardkimya.com\/index.php\/wp-json\/wp\/v2\/comments?post=1650"}],"version-history":[{"count":1,"href":"http:\/\/ardkimya.com\/index.php\/wp-json\/wp\/v2\/pages\/1650\/revisions"}],"predecessor-version":[{"id":1653,"href":"http:\/\/ardkimya.com\/index.php\/wp-json\/wp\/v2\/pages\/1650\/revisions\/1653"}],"up":[{"embeddable":true,"href":"http:\/\/ardkimya.com\/index.php\/wp-json\/wp\/v2\/pages\/1392"}],"wp:attachment":[{"href":"http:\/\/ardkimya.com\/index.php\/wp-json\/wp\/v2\/media?parent=1650"}],"curies":[{"name":"wp","href":"https:\/\/api.w.org\/{rel}","templated":true}]}}