{"id":1413,"date":"2021-10-10T23:16:01","date_gmt":"2021-10-10T20:16:01","guid":{"rendered":"http:\/\/ardkimya.com\/?page_id=1413"},"modified":"2021-10-10T23:16:01","modified_gmt":"2021-10-10T20:16:01","slug":"iletisim","status":"publish","type":"page","link":"http:\/\/ardkimya.com\/index.php\/iletisim\/?lang=ru","title":{"rendered":"\u0130leti\u015fim"},"content":{"rendered":"\n<style type=\"text\/css\" data-created_by=\"avia_inline_auto\" id=\"style-css-av-av_one_half-6126cab7d8fab8d08143dd2dacdf673c\">\n.flex_column.av-av_one_half-6126cab7d8fab8d08143dd2dacdf673c{\nborder-radius:0px 0px 0px 0px;\npadding:0px 0px 0px 0px;\n}\n<\/style>\n<div  class='flex_column av-av_one_half-6126cab7d8fab8d08143dd2dacdf673c av_one_half  avia-builder-el-0  el_before_av_one_half  avia-builder-el-first  first flex_column_div av-zero-column-padding  '     ><section  class='av_textblock_section av-av_textblock-396ddf1f42196ca838231e61a4602801 '   itemscope=\"itemscope\" itemtype=\"https:\/\/schema.org\/CreativeWork\" ><div class='avia_textblock'  itemprop=\"text\" ><p><iframe loading=\"lazy\" style=\"border: 0;\" src=\"https:\/\/www.google.com\/maps\/embed?pb=!1m18!1m12!1m3!1d3007.780144816451!2d28.79757931572735!3d41.07379817929419!2m3!1f0!2f0!3f0!3m2!1i1024!2i768!4f13.1!3m3!1m2!1s0x14caa58f2d3b7f39%3A0x18f4606332db63e1!2zUy4gUy4gxLBzdGFuYnVsIEF5YWtrYWLEsWPEsWxhciBBeWtvc2FuIEvDvMOnw7xrIFNhbmF5aSBTaXRlc2kgWWFwxLEgS29vcGVyYXRpZmk!5e0!3m2!1str!2str!4v1515848685727\" width=\"600\" height=\"450\" frameborder=\"0\" allowfullscreen=\"allowfullscreen\"><\/iframe><\/p>\n<\/div><\/section><\/div>\n\n<style type=\"text\/css\" data-created_by=\"avia_inline_auto\" id=\"style-css-av-av_one_half-0aa7055fe62c3622faec82866afbaeb2\">\n.flex_column.av-av_one_half-0aa7055fe62c3622faec82866afbaeb2{\nborder-radius:0px 0px 0px 0px;\npadding:0px 0px 0px 0px;\n}\n<\/style>\n<div  class='flex_column av-av_one_half-0aa7055fe62c3622faec82866afbaeb2 av_one_half  avia-builder-el-2  el_after_av_one_half  el_before_av_one_half  flex_column_div av-zero-column-padding  '     ><p><section  class='av_textblock_section av-av_textblock-396ddf1f42196ca838231e61a4602801 '   itemscope=\"itemscope\" itemtype=\"https:\/\/schema.org\/CreativeWork\" ><div class='avia_textblock'  itemprop=\"text\" ><p><strong><u>MERKEZ OF\u0130S<\/u><\/strong><\/p>\n<p>\u0130K\u0130TELL\u0130 OSB MAH. AYKOSAN SANAY\u0130 S\u0130TES\u0130 \u00c7AR\u015eI BLOK NO:4 BA\u015eAK\u015eEH\u0130R\/\u0130STANBUL<\/p>\n<p><strong>TEL<\/strong>: <a href=\"tel:+90 212 671 52 52\">+90 212 671 52 52<\/a><\/p>\n<p><strong>TEL<\/strong>: <a href=\"tel:+90 501 327 46 99\">+90 501 327 46 99<\/a><\/p>\n<p><strong>E-Mail:\u00a0<\/strong><a href=\"mailto:info@ardkimya.com\"> info@ardkimya.com<\/a><\/p>\n<p><strong><u>\u015eUBE<\/u><\/strong><\/p>\n<p>ARD SIVI TUZ \u00dcRET\u0130M TES\u0130S\u0130<\/p>\n<p>\u0130K\u0130ZCE MAH. 1. ORGAN\u0130ZE SANAY\u0130 B\u00d6LGES\u0130 KAR\u015eISI \u0130K\u0130ZCE SOKAK YE\u015e\u0130LYURT\/MALATYA<\/p>\n<p><strong><u>\u015eUBE<\/u><\/strong><\/p>\n<p>KAHRAMANMARA\u015e OF\u0130S<\/p>\n<p>GAYBERL\u0130 MAH. 28042. SK NO:25\/A ON\u0130K\u0130\u015eUBAT\/KAHRAMANMARA\u015e<\/p>\n<p><strong><u>\u015eUBE<\/u><\/strong><\/p>\n<p>TA\u015eKENT OF\u0130S<\/p>\n<p>TOSHKENT SHAHR\u0130, YASHNOBOD TUMAN\u0130, SULTONALI MASHXADIY KO\u2019CHASI, 79-UY<\/p>\n<p>TEL: +998 90-048-46-66<\/p>\n<p><strong><u>\u00a0<\/u><\/strong><\/p>\n<p><strong><u>\u015eUBE<\/u><\/strong><\/p>\n<p>TA\u015eKENT \u00dcRET\u0130M TES\u0130S\u0130<\/p>\n<p>QO\u2019QON SHAXAR, SARIQAMISH KO\u2019CHASI 1-UY O&#8217;ZBEKISTON<\/p>\n<\/div><\/section><br \/>\n<form action=\"http:\/\/ardkimya.com\/index.php\/iletisim\/?lang=ru\" method=\"post\" data-fields-with-error=\"Found errors in the following field(s):\" class=\"avia_ajax_form av-form-labels-visible   avia-builder-el-4  el_after_av_textblock  avia-builder-el-last   \" data-avia-form-id=\"1\" data-avia-redirect='' ><h3 class=''>Bize posta g\u00f6nderiniz<\/h3><fieldset><p class='  first_form  form_element form_fullwidth' id='element_avia_1_1'><label for=\"avia_1_1\">\u0130sim <abbr class=\"required\" title=\"Zorunlu\">*<\/abbr><\/label> <input name=\"avia_1_1\" class=\"text_input is_empty\" type=\"text\" id=\"avia_1_1\" value=\"\" \/><\/p><p class='  first_form  form_element form_fullwidth' id='element_avia_2_1'><label for=\"avia_2_1\">E-Posta <abbr class=\"required\" title=\"Zorunlu\">*<\/abbr><\/label> <input name=\"avia_2_1\" class=\"text_input is_email\" type=\"text\" id=\"avia_2_1\" value=\"\" \/><\/p><p class='  first_form  form_element form_fullwidth' id='element_avia_3_1'><label for=\"avia_3_1\">Konu <abbr class=\"required\" title=\"Zorunlu\">*<\/abbr><\/label> <input name=\"avia_3_1\" class=\"text_input is_empty\" type=\"text\" id=\"avia_3_1\" value=\"\" \/><\/p><p class='  first_form  form_element form_fullwidth av-last-visible-form-element' id='element_avia_4_1'><label for=\"avia_4_1\" class=\"textare_label hidden textare_label_avia_4_1\">Mesaj <abbr class=\"required\" title=\"Zorunlu\">*<\/abbr><\/label><textarea  name=\"avia_4_1\" class=\"text_area is_empty\" cols=\"40\" rows=\"7\" id=\"avia_4_1\" ><\/textarea><\/p><p class=\"hidden\"><input type=\"text\" name=\"avia_5_1\" class=\"hidden \" id=\"avia_5_1\" value=\"\" \/><\/p><p class=\"form_element \"><input type=\"hidden\" value=\"1\" name=\"avia_generated_form1\" \/><input type=\"submit\" value=\"G\u00f6nder\" class=\"button\"  data-sending-label=\"G\u00f6nderiliyor\"\/><\/p><\/fieldset><\/form><div id=\"ajaxresponse_1\" class=\"ajaxresponse ajaxresponse_1 hidden\"><\/div><\/p><\/div>\n<style type=\"text\/css\" data-created_by=\"avia_inline_auto\" id=\"style-css-av-av_one_half-6126cab7d8fab8d08143dd2dacdf673c\">\n.flex_column.av-av_one_half-6126cab7d8fab8d08143dd2dacdf673c{\nborder-radius:0px 0px 0px 0px;\npadding:0px 0px 0px 0px;\n}\n<\/style>\n<div  class='flex_column av-av_one_half-6126cab7d8fab8d08143dd2dacdf673c av_one_half  avia-builder-el-5  el_after_av_one_half  avia-builder-el-last  first flex_column_div av-zero-column-padding  column-top-margin'     ><\/div><\/p>\n","protected":false},"excerpt":{"rendered":"","protected":false},"author":1,"featured_media":0,"parent":0,"menu_order":6,"comment_status":"closed","ping_status":"closed","template":"","meta":{"om_disable_all_campaigns":false,"_mi_skip_tracking":false,"footnotes":""},"class_list":["post-1413","page","type-page","status-publish","hentry"],"aioseo_notices":[],"_links":{"self":[{"href":"http:\/\/ardkimya.com\/index.php\/wp-json\/wp\/v2\/pages\/1413","targetHints":{"allow":["GET"]}}],"collection":[{"href":"http:\/\/ardkimya.com\/index.php\/wp-json\/wp\/v2\/pages"}],"about":[{"href":"http:\/\/ardkimya.com\/index.php\/wp-json\/wp\/v2\/types\/page"}],"author":[{"embeddable":true,"href":"http:\/\/ardkimya.com\/index.php\/wp-json\/wp\/v2\/users\/1"}],"replies":[{"embeddable":true,"href":"http:\/\/ardkimya.com\/index.php\/wp-json\/wp\/v2\/comments?post=1413"}],"version-history":[{"count":2,"href":"http:\/\/ardkimya.com\/index.php\/wp-json\/wp\/v2\/pages\/1413\/revisions"}],"predecessor-version":[{"id":1417,"href":"http:\/\/ardkimya.com\/index.php\/wp-json\/wp\/v2\/pages\/1413\/revisions\/1417"}],"wp:attachment":[{"href":"http:\/\/ardkimya.com\/index.php\/wp-json\/wp\/v2\/media?parent=1413"}],"curies":[{"name":"wp","href":"https:\/\/api.w.org\/{rel}","templated":true}]}}