{"id":1393,"date":"2021-10-10T23:09:38","date_gmt":"2021-10-10T20:09:38","guid":{"rendered":"http:\/\/ardkimya.com\/?page_id=1393"},"modified":"2021-10-10T23:11:46","modified_gmt":"2021-10-10T20:11:46","slug":"urunlerimiz","status":"publish","type":"page","link":"http:\/\/ardkimya.com\/index.php\/urunlerimiz\/?lang=ru","title":{"rendered":"\u00dcr\u00fcnlerimiz"},"content":{"rendered":"\n<style type=\"text\/css\" data-created_by=\"avia_inline_auto\" id=\"style-css-av-av_one_full-6126cab7d8fab8d08143dd2dacdf673c\">\n.flex_column.av-av_one_full-6126cab7d8fab8d08143dd2dacdf673c{\nborder-radius:0px 0px 0px 0px;\npadding:0px 0px 0px 0px;\n}\n<\/style>\n<div  class='flex_column av-av_one_full-6126cab7d8fab8d08143dd2dacdf673c av_one_full  avia-builder-el-0  avia-builder-el-no-sibling  first flex_column_div av-zero-column-padding  '     ><p><div  class='avia-slideshow av-av_slideshow-629cb73e05dbb073af18f8d8a5448f63 avia-slideshow-entry_with_sidebar av_slideshow avia-slide-slider  avia-builder-el-1  el_before_av_heading  avia-builder-el-first  av-slideshow-ui av-control-default av-slideshow-manual av-loop-once av-loop-manual-endless av-default-height-applied avia-slideshow-1' data-slideshow-options=\"{&quot;animation&quot;:&quot;slide&quot;,&quot;autoplay&quot;:false,&quot;loop_autoplay&quot;:&quot;once&quot;,&quot;interval&quot;:5,&quot;loop_manual&quot;:&quot;manual-endless&quot;,&quot;autoplay_stopper&quot;:false,&quot;noNavigation&quot;:false,&quot;bg_slider&quot;:false,&quot;keep_padding&quot;:false,&quot;hoverpause&quot;:false,&quot;show_slide_delay&quot;:0}\"  itemprop=\"image\" itemscope=\"itemscope\" itemtype=\"https:\/\/schema.org\/ImageObject\" ><ul class='avia-slideshow-inner ' style='padding-bottom: 35.502958579882%;'><li  class='avia-slideshow-slide av-av_slideshow-629cb73e05dbb073af18f8d8a5448f63__0  av-single-slide slide-1 slide-odd'><div data-rel='slideshow-1' class='avia-slide-wrap '   ><img fetchpriority=\"high\" class=\"wp-image-1190 avia-img-lazy-loading-not-1190\"  src='http:\/\/ardkimya.com\/wp-content\/uploads\/2018\/01\/ardoil-slide-01-845x300.jpg' width='845' height='300' title='ardoil-slide-01' alt=''  itemprop=\"thumbnailUrl\"   \/><\/div><\/li><\/ul><\/div><br \/>\n\n<style type=\"text\/css\" data-created_by=\"avia_inline_auto\" id=\"style-css-av-av_heading-610d96bfa6ba394ea5d0b58df37580da\">\n#top .av-special-heading.av-av_heading-610d96bfa6ba394ea5d0b58df37580da{\npadding-bottom:2px;\n}\nbody .av-special-heading.av-av_heading-610d96bfa6ba394ea5d0b58df37580da .av-special-heading-tag .heading-char{\nfont-size:25px;\n}\n.av-special-heading.av-av_heading-610d96bfa6ba394ea5d0b58df37580da .av-subheading{\nfont-size:15px;\n}\n<\/style>\n<div  class='av-special-heading av-av_heading-610d96bfa6ba394ea5d0b58df37580da av-special-heading-h3  avia-builder-el-2  el_after_av_slideshow  el_before_av_portfolio  avia-builder-el-last '><h3 class='av-special-heading-tag '  itemprop=\"headline\"  >\u00dcr\u00fcnlerimiz<\/h3><div class=\"special-heading-border\"><div class=\"special-heading-inner-border\"><\/div><\/div><\/div><br \/>\n<div  id=\"av-sc-portfolio-1\"  class=\"av-portfolio-grid-sorting-container\"><div class='sort_width_container  av-sort-yes' data-portfolio-id='1' ><div id='js_sort_items' ><div class='sort_by_cat hidden'><a href=\"#\" data-filter=\"all_sort\" class=\"all_sort_button active_sort\"><span class=\"inner_sort_button\"><span>T\u00fcm\u00fc<\/span><small class=\"av-cat-count\"> 8 <\/small><\/span><\/a><span class=\"text-sep tekstil-makine-yaglari_sort_sep\">\/<\/span><a href=\"#\" data-filter=\"tekstil-makine-yaglari_sort\" class=\"tekstil-makine-yaglari_sort_button\" ><span class=\"inner_sort_button\"><span>Tekstil Makine Ya\u011flar\u0131<\/span><small class=\"av-cat-count\"> 8 <\/small><\/span><\/a><\/div><\/div><\/div><div  class=' grid-sort-container isotope   no_margin-container with-title-container grid-total-even grid-col-4 grid-links-' data-portfolio-id='1'><div data-ajax-id='1671' class=' grid-entry flex_column isotope-item all_sort no_margin post-entry post-entry-1671 grid-entry-overview grid-loop-1 grid-parity-odd   av_one_fourth first default_av_fullwidth '><article class='main_color inner-entry'  itemscope=\"itemscope\" itemtype=\"https:\/\/schema.org\/CreativeWork\" ><a href=\"http:\/\/ardkimya.com\/index.php\/portfolio-item\/ince-makine-yagi-2-3-2\/\" title='Triphenyl Phosphorothionate (Trifenil Fosforotiyonat) T309'  data-rel='grid-1' class='grid-image avia-hover-fx'> <img decoding=\"async\" fetchpriority=\"high\" width=\"260\" height=\"185\" src=\"http:\/\/ardkimya.com\/wp-content\/uploads\/2022\/10\/t309-260x185.jpeg\" class=\"wp-image-1730 avia-img-lazy-loading-not-1730 attachment-portfolio_small size-portfolio_small wp-post-image\" alt=\"Triphenyl Phosphorothionate\" \/><\/a><div class='grid-content'><div class='avia-arrow'><\/div><header class=\"entry-content-header\" aria-label=\"Portfolio: Triphenyl Phosphorothionate (Trifenil Fosforotiyonat) T309\"><h3 class='grid-entry-title entry-title '  itemprop=\"headline\" ><a href='http:\/\/ardkimya.com\/index.php\/portfolio-item\/ince-makine-yagi-2-3-2\/' title='Triphenyl Phosphorothionate (Trifenil Fosforotiyonat) T309'>Triphenyl Phosphorothionate (Trifenil Fosforotiyonat) T309<\/a><\/h3><\/header><\/div><footer class=\"entry-footer\"><\/footer><\/article><\/div><div data-ajax-id='1540' class=' grid-entry flex_column isotope-item all_sort no_margin post-entry post-entry-1540 grid-entry-overview grid-loop-2 grid-parity-even   av_one_fourth  default_av_fullwidth '><article class='main_color inner-entry'  itemscope=\"itemscope\" itemtype=\"https:\/\/schema.org\/CreativeWork\" ><a href=\"http:\/\/ardkimya.com\/index.php\/portfolio-item\/ince-makine-yagi-2-3\/\" title='Harman Makine Ya\u011f\u0131'  data-rel='grid-1' class='grid-image avia-hover-fx'> <img decoding=\"async\" fetchpriority=\"high\" width=\"260\" height=\"185\" src=\"http:\/\/ardkimya.com\/wp-content\/uploads\/2017\/11\/modstil-tekstil-260x185.png\" class=\"wp-image-13 avia-img-lazy-loading-not-13 attachment-portfolio_small size-portfolio_small wp-post-image\" alt=\"\" \/><\/a><div class='grid-content'><div class='avia-arrow'><\/div><header class=\"entry-content-header\" aria-label=\"Portfolio: Harman Makine Ya\u011f\u0131\"><h3 class='grid-entry-title entry-title '  itemprop=\"headline\" ><a href='http:\/\/ardkimya.com\/index.php\/portfolio-item\/ince-makine-yagi-2-3\/' title='Harman Makine Ya\u011f\u0131'>Harman Makine Ya\u011f\u0131<\/a><\/h3><\/header><\/div><footer class=\"entry-footer\"><\/footer><\/article><\/div><div data-ajax-id='1311' class=' grid-entry flex_column isotope-item all_sort no_margin post-entry post-entry-1311 grid-entry-overview grid-loop-3 grid-parity-odd   av_one_fourth  default_av_fullwidth '><article class='main_color inner-entry'  itemscope=\"itemscope\" itemtype=\"https:\/\/schema.org\/CreativeWork\" ><a href=\"http:\/\/ardkimya.com\/index.php\/portfolio-item\/sivi-tuz\/\" title='S\u0131v\u0131 Tuz'  data-rel='grid-1' class='grid-image avia-hover-fx'> <img decoding=\"async\" fetchpriority=\"high\" width=\"260\" height=\"185\" src=\"http:\/\/ardkimya.com\/wp-content\/uploads\/2021\/09\/ebc791ac-b70a-4a86-9871-6ebbf53d5132-260x185.jpg\" class=\"wp-image-1313 avia-img-lazy-loading-not-1313 attachment-portfolio_small size-portfolio_small wp-post-image\" alt=\"Triphenyl Phosphorothionate\" \/><\/a><div class='grid-content'><div class='avia-arrow'><\/div><header class=\"entry-content-header\" aria-label=\"Portfolio: S\u0131v\u0131 Tuz\"><h3 class='grid-entry-title entry-title '  itemprop=\"headline\" ><a href='http:\/\/ardkimya.com\/index.php\/portfolio-item\/sivi-tuz\/' title='S\u0131v\u0131 Tuz'>S\u0131v\u0131 Tuz<\/a><\/h3><\/header><\/div><footer class=\"entry-footer\"><\/footer><\/article><\/div><div data-ajax-id='1310' class=' grid-entry flex_column isotope-item all_sort no_margin post-entry post-entry-1310 grid-entry-overview grid-loop-4 grid-parity-even   av_one_fourth  default_av_fullwidth '><article class='main_color inner-entry'  itemscope=\"itemscope\" itemtype=\"https:\/\/schema.org\/CreativeWork\" ><a href=\"http:\/\/ardkimya.com\/index.php\/portfolio-item\/yuvarlak-orgu-makinasi-yagi-2-2\/\" title='Triko Makina Ya\u011flar\u0131'  data-rel='grid-1' class='grid-image avia-hover-fx'> <img decoding=\"async\" fetchpriority=\"high\" width=\"260\" height=\"185\" src=\"http:\/\/ardkimya.com\/wp-content\/uploads\/2021\/09\/triko-260x185.jpg\" class=\"wp-image-1312 avia-img-lazy-loading-not-1312 attachment-portfolio_small size-portfolio_small wp-post-image\" alt=\"Triphenyl Phosphorothionate\" \/><\/a><div class='grid-content'><div class='avia-arrow'><\/div><header class=\"entry-content-header\" aria-label=\"Portfolio: Triko Makina Ya\u011flar\u0131\"><h3 class='grid-entry-title entry-title '  itemprop=\"headline\" ><a href='http:\/\/ardkimya.com\/index.php\/portfolio-item\/yuvarlak-orgu-makinasi-yagi-2-2\/' title='Triko Makina Ya\u011flar\u0131'>Triko Makina Ya\u011flar\u0131<\/a><\/h3><\/header><\/div><footer class=\"entry-footer\"><\/footer><\/article><\/div><div data-ajax-id='1308' class=' grid-entry flex_column isotope-item all_sort no_margin post-entry post-entry-1308 grid-entry-overview grid-loop-5 grid-parity-odd   av_one_fourth first default_av_fullwidth '><article class='main_color inner-entry'  itemscope=\"itemscope\" itemtype=\"https:\/\/schema.org\/CreativeWork\" ><a href=\"http:\/\/ardkimya.com\/index.php\/portfolio-item\/yuvarlak-orgu-makinasi-yagi-2\/\" title='\u00c7orap Makina Ya\u011f\u0131'  data-rel='grid-1' class='grid-image avia-hover-fx'> <img decoding=\"async\" fetchpriority=\"high\" width=\"260\" height=\"185\" src=\"http:\/\/ardkimya.com\/wp-content\/uploads\/2021\/09\/98724637-84bd-413e-bab0-d8dcd8408c82-260x185.jpg\" class=\"wp-image-1309 avia-img-lazy-loading-not-1309 attachment-portfolio_small size-portfolio_small wp-post-image\" alt=\"Triphenyl Phosphorothionate\" \/><\/a><div class='grid-content'><div class='avia-arrow'><\/div><header class=\"entry-content-header\" aria-label=\"Portfolio: \u00c7orap Makina Ya\u011f\u0131\"><h3 class='grid-entry-title entry-title '  itemprop=\"headline\" ><a href='http:\/\/ardkimya.com\/index.php\/portfolio-item\/yuvarlak-orgu-makinasi-yagi-2\/' title='\u00c7orap Makina Ya\u011f\u0131'>\u00c7orap Makina Ya\u011f\u0131<\/a><\/h3><\/header><\/div><footer class=\"entry-footer\"><\/footer><\/article><\/div><div data-ajax-id='1293' class=' grid-entry flex_column isotope-item all_sort no_margin post-entry post-entry-1293 grid-entry-overview grid-loop-6 grid-parity-even   av_one_fourth  default_av_fullwidth '><article class='main_color inner-entry'  itemscope=\"itemscope\" itemtype=\"https:\/\/schema.org\/CreativeWork\" ><a href=\"http:\/\/ardkimya.com\/index.php\/portfolio-item\/yuvarlak-orgu-makinasi-yagi\/\" title='Yuvarlak \u00d6rg\u00fc Makinas\u0131 Ya\u011f\u0131'  data-rel='grid-1' class='grid-image avia-hover-fx'> <img decoding=\"async\" fetchpriority=\"high\" width=\"260\" height=\"185\" src=\"http:\/\/ardkimya.com\/wp-content\/uploads\/2021\/09\/\u00f6rg\u00fc-makinesi-3-260x185.jpg\" class=\"wp-image-1298 avia-img-lazy-loading-not-1298 attachment-portfolio_small size-portfolio_small wp-post-image\" alt=\"\" \/><\/a><div class='grid-content'><div class='avia-arrow'><\/div><header class=\"entry-content-header\" aria-label=\"Portfolio: Yuvarlak \u00d6rg\u00fc Makinas\u0131 Ya\u011f\u0131\"><h3 class='grid-entry-title entry-title '  itemprop=\"headline\" ><a href='http:\/\/ardkimya.com\/index.php\/portfolio-item\/yuvarlak-orgu-makinasi-yagi\/' title='Yuvarlak \u00d6rg\u00fc Makinas\u0131 Ya\u011f\u0131'>Yuvarlak \u00d6rg\u00fc Makinas\u0131 Ya\u011f\u0131<\/a><\/h3><\/header><\/div><footer class=\"entry-footer\"><\/footer><\/article><\/div><div data-ajax-id='1218' class=' grid-entry flex_column isotope-item all_sort no_margin post-entry post-entry-1218 grid-entry-overview grid-loop-7 grid-parity-odd   av_one_fourth  default_av_fullwidth '><article class='main_color inner-entry'  itemscope=\"itemscope\" itemtype=\"https:\/\/schema.org\/CreativeWork\" ><a href=\"http:\/\/ardkimya.com\/index.php\/portfolio-item\/ince-makine-yagi-2-2\/\" title='Bobin Aktarma Ya\u011f\u0131'  data-rel='grid-1' class='grid-image avia-hover-fx'> <img decoding=\"async\" fetchpriority=\"high\" width=\"200\" height=\"185\" src=\"http:\/\/ardkimya.com\/wp-content\/uploads\/2018\/01\/bobinaktarma-200x185.jpg\" class=\"wp-image-1219 avia-img-lazy-loading-not-1219 attachment-portfolio_small size-portfolio_small wp-post-image\" alt=\"\" \/><\/a><div class='grid-content'><div class='avia-arrow'><\/div><header class=\"entry-content-header\" aria-label=\"Portfolio: Bobin Aktarma Ya\u011f\u0131\"><h3 class='grid-entry-title entry-title '  itemprop=\"headline\" ><a href='http:\/\/ardkimya.com\/index.php\/portfolio-item\/ince-makine-yagi-2-2\/' title='Bobin Aktarma Ya\u011f\u0131'>Bobin Aktarma Ya\u011f\u0131<\/a><\/h3><\/header><\/div><footer class=\"entry-footer\"><\/footer><\/article><\/div><div data-ajax-id='1213' class=' grid-entry flex_column isotope-item all_sort no_margin post-entry post-entry-1213 grid-entry-overview grid-loop-8 grid-parity-even  post-entry-last  tekstil-makine-yaglari_sort tekstil-makine-yaglari_sort tekstil-makine-yaglari_sort tekstil-makine-yaglari_sort tekstil-makine-yaglari_sort tekstil-makine-yaglari_sort tekstil-makine-yaglari_sort tekstil-makine-yaglari_sort  av_one_fourth  default_av_fullwidth '><article class='main_color inner-entry'  itemscope=\"itemscope\" itemtype=\"https:\/\/schema.org\/CreativeWork\" ><a href=\"http:\/\/ardkimya.com\/index.php\/portfolio-item\/ince-makine-yagi\/\" title='\u0130nce Makine Ya\u011f\u0131'  data-rel='grid-1' class='grid-image avia-hover-fx'> <img decoding=\"async\" fetchpriority=\"high\" width=\"200\" height=\"185\" src=\"http:\/\/ardkimya.com\/wp-content\/uploads\/2018\/01\/incemakinayaglari-200x185.jpg\" class=\"wp-image-1205 avia-img-lazy-loading-not-1205 attachment-portfolio_small size-portfolio_small wp-post-image\" alt=\"\" \/><\/a><div class='grid-content'><div class='avia-arrow'><\/div><header class=\"entry-content-header\" aria-label=\"Portfolio: \u0130nce Makine Ya\u011f\u0131\"><h3 class='grid-entry-title entry-title '  itemprop=\"headline\" ><a href='http:\/\/ardkimya.com\/index.php\/portfolio-item\/ince-makine-yagi\/' title='\u0130nce Makine Ya\u011f\u0131'>\u0130nce Makine Ya\u011f\u0131<\/a><\/h3><\/header><\/div><footer class=\"entry-footer\"><\/footer><\/article><\/div><\/div><\/div>   <!--   class=\"av-portfolio-grid-sorting-container\"  --><\/p><\/div>\n","protected":false},"excerpt":{"rendered":"","protected":false},"author":1,"featured_media":0,"parent":0,"menu_order":3,"comment_status":"closed","ping_status":"closed","template":"","meta":{"om_disable_all_campaigns":false,"_mi_skip_tracking":false,"footnotes":""},"class_list":["post-1393","page","type-page","status-publish","hentry"],"aioseo_notices":[],"_links":{"self":[{"href":"http:\/\/ardkimya.com\/index.php\/wp-json\/wp\/v2\/pages\/1393","targetHints":{"allow":["GET"]}}],"collection":[{"href":"http:\/\/ardkimya.com\/index.php\/wp-json\/wp\/v2\/pages"}],"about":[{"href":"http:\/\/ardkimya.com\/index.php\/wp-json\/wp\/v2\/types\/page"}],"author":[{"embeddable":true,"href":"http:\/\/ardkimya.com\/index.php\/wp-json\/wp\/v2\/users\/1"}],"replies":[{"embeddable":true,"href":"http:\/\/ardkimya.com\/index.php\/wp-json\/wp\/v2\/comments?post=1393"}],"version-history":[{"count":2,"href":"http:\/\/ardkimya.com\/index.php\/wp-json\/wp\/v2\/pages\/1393\/revisions"}],"predecessor-version":[{"id":1398,"href":"http:\/\/ardkimya.com\/index.php\/wp-json\/wp\/v2\/pages\/1393\/revisions\/1398"}],"wp:attachment":[{"href":"http:\/\/ardkimya.com\/index.php\/wp-json\/wp\/v2\/media?parent=1393"}],"curies":[{"name":"wp","href":"https:\/\/api.w.org\/{rel}","templated":true}]}}