{"id":1375,"date":"2021-10-10T23:07:16","date_gmt":"2021-10-10T20:07:16","guid":{"rendered":"http:\/\/ardkimya.com\/?page_id=1375"},"modified":"2021-10-10T23:07:16","modified_gmt":"2021-10-10T20:07:16","slug":"vizyonumuz","status":"publish","type":"page","link":"http:\/\/ardkimya.com\/index.php\/kurumsal\/vizyonumuz\/?lang=ru","title":{"rendered":"Vizyonumuz"},"content":{"rendered":"<p><img decoding=\"async\" class=\"alignnone size-full wp-image-1277\" src=\"http:\/\/ardkimya.com\/wp-content\/uploads\/2021\/09\/yuvarlak-orme-makinasi-2.jpg\" alt=\"\" width=\"100%\" height=\"422\" srcset=\"http:\/\/ardkimya.com\/wp-content\/uploads\/2021\/09\/yuvarlak-orme-makinasi-2.jpg 750w, http:\/\/ardkimya.com\/wp-content\/uploads\/2021\/09\/yuvarlak-orme-makinasi-2-300x169.jpg 300w, http:\/\/ardkimya.com\/wp-content\/uploads\/2021\/09\/yuvarlak-orme-makinasi-2-705x397.jpg 705w, http:\/\/ardkimya.com\/wp-content\/uploads\/2021\/09\/yuvarlak-orme-makinasi-2-450x253.jpg 450w\" sizes=\"(max-width: 750px) 100vw, 750px\" \/><\/p>\n<p style=\"text-align: center; font-size: 22px;\">At\u0131lan her ad\u0131mda ko\u015fulsuz m\u00fc\u015fteri memnuniyeti hedef al\u0131narak, bilgi ve teknoloji \u00e7a\u011f\u0131na ayak uyduran teknik alt yap\u0131m\u0131z, yarat\u0131c\u0131 ve stratejik bak\u0131\u015f a\u00e7\u0131s\u0131na sahip kadromuz ile t\u00fcm d\u00fcnyada ve T\u00fcrkiye\u2019de uluslararas\u0131 standartlarda, inovatif \u00fcretim s\u00fcreciyle birlikte 1.s\u0131n\u0131f kalitede hizmet sunup, \u00fcretim yapmak ve sahip oldu\u011fumuz yeri korumakt\u0131r.<\/p>\n","protected":false},"excerpt":{"rendered":"<p>At\u0131lan her ad\u0131mda ko\u015fulsuz m\u00fc\u015fteri memnuniyeti hedef al\u0131narak, bilgi ve teknoloji \u00e7a\u011f\u0131na ayak uyduran teknik alt yap\u0131m\u0131z, yarat\u0131c\u0131 ve stratejik bak\u0131\u015f a\u00e7\u0131s\u0131na sahip kadromuz ile t\u00fcm d\u00fcnyada ve T\u00fcrkiye\u2019de uluslararas\u0131 standartlarda, inovatif \u00fcretim s\u00fcreciyle birlikte 1.s\u0131n\u0131f kalitede hizmet sunup, \u00fcretim yapmak ve sahip oldu\u011fumuz yeri korumakt\u0131r.<\/p>\n","protected":false},"author":1,"featured_media":0,"parent":1358,"menu_order":1,"comment_status":"closed","ping_status":"closed","template":"","meta":{"om_disable_all_campaigns":false,"_mi_skip_tracking":false,"footnotes":""},"class_list":["post-1375","page","type-page","status-publish","hentry"],"aioseo_notices":[],"_links":{"self":[{"href":"http:\/\/ardkimya.com\/index.php\/wp-json\/wp\/v2\/pages\/1375","targetHints":{"allow":["GET"]}}],"collection":[{"href":"http:\/\/ardkimya.com\/index.php\/wp-json\/wp\/v2\/pages"}],"about":[{"href":"http:\/\/ardkimya.com\/index.php\/wp-json\/wp\/v2\/types\/page"}],"author":[{"embeddable":true,"href":"http:\/\/ardkimya.com\/index.php\/wp-json\/wp\/v2\/users\/1"}],"replies":[{"embeddable":true,"href":"http:\/\/ardkimya.com\/index.php\/wp-json\/wp\/v2\/comments?post=1375"}],"version-history":[{"count":3,"href":"http:\/\/ardkimya.com\/index.php\/wp-json\/wp\/v2\/pages\/1375\/revisions"}],"predecessor-version":[{"id":1382,"href":"http:\/\/ardkimya.com\/index.php\/wp-json\/wp\/v2\/pages\/1375\/revisions\/1382"}],"up":[{"embeddable":true,"href":"http:\/\/ardkimya.com\/index.php\/wp-json\/wp\/v2\/pages\/1358"}],"wp:attachment":[{"href":"http:\/\/ardkimya.com\/index.php\/wp-json\/wp\/v2\/media?parent=1375"}],"curies":[{"name":"wp","href":"https:\/\/api.w.org\/{rel}","templated":true}]}}